{"id":75,"date":"2019-06-25T08:57:54","date_gmt":"2019-06-25T08:57:54","guid":{"rendered":"https:\/\/themes.muffingroup.com\/be\/factory2\/?page_id=11"},"modified":"2025-12-04T19:43:16","modified_gmt":"2025-12-04T19:43:16","slug":"quienes-somos","status":"publish","type":"page","link":"https:\/\/estantesmaurogal.com\/?page_id=75","title":{"rendered":"Quienes Somos"},"content":{"rendered":"\t\t<div data-elementor-type=\"wp-page\" data-elementor-id=\"75\" class=\"elementor elementor-75\" data-elementor-post-type=\"page\">\n\t\t\t\t\t\t<section class=\"elementor-section elementor-top-section elementor-element elementor-element-0f631d2 elementor-section-stretched elementor-section-boxed elementor-section-height-default elementor-section-height-default\" data-id=\"0f631d2\" data-element_type=\"section\" data-settings=\"{&quot;stretch_section&quot;:&quot;section-stretched&quot;,&quot;background_background&quot;:&quot;classic&quot;}\">\n\t\t\t\t\t\t<div class=\"elementor-container elementor-column-gap-wider\">\n\t\t\t\t\t<div class=\"elementor-column elementor-col-100 elementor-top-column elementor-element elementor-element-719377e\" data-id=\"719377e\" data-element_type=\"column\">\n\t\t\t<div class=\"elementor-widget-wrap elementor-element-populated\">\n\t\t\t\t\t\t<section class=\"elementor-section elementor-inner-section elementor-element elementor-element-8438926 elementor-section-content-middle elementor-section-boxed elementor-section-height-default elementor-section-height-default\" data-id=\"8438926\" data-element_type=\"section\">\n\t\t\t\t\t\t<div class=\"elementor-container elementor-column-gap-wider\">\n\t\t\t\t\t<div class=\"elementor-column elementor-col-50 elementor-inner-column elementor-element elementor-element-6063959\" data-id=\"6063959\" data-element_type=\"column\">\n\t\t\t<div class=\"elementor-widget-wrap elementor-element-populated\">\n\t\t\t\t\t\t<div class=\"elementor-element elementor-element-8c7f90d elementor-widget elementor-widget-text-editor\" data-id=\"8c7f90d\" data-element_type=\"widget\" data-widget_type=\"text-editor.default\">\n\t\t\t\t<div class=\"elementor-widget-container\">\n\t\t\t\t\t\t\t\t\t<h2><b>Qui\u00e9nes somos<\/b><\/h2>\t\t\t\t\t\t\t\t<\/div>\n\t\t\t\t<\/div>\n\t\t\t\t<div class=\"elementor-element elementor-element-7859952 elementor-widget elementor-widget-text-editor\" data-id=\"7859952\" data-element_type=\"widget\" data-widget_type=\"text-editor.default\">\n\t\t\t\t<div class=\"elementor-widget-container\">\n\t\t\t\t\t\t\t\t\t<p><span style=\"font-weight: 400;\">En Maurogal nos especializamos en el dise\u00f1o y fabricaci\u00f3n de estanter\u00edas y estructuras met\u00e1licas de alta calidad.\u00a0<\/span><\/p><p><span style=\"font-weight: 400;\">Ofrecemos soluciones duraderas, precisas y funcionales que se adaptan a las necesidades de cada cliente en los sectores industrial, comercial y residencial.\u00a0<\/span><\/p><p><span style=\"font-weight: 400;\">Nuestro compromiso se centra en la calidad de los materiales, la eficiencia de los procesos y el cumplimiento en cada entrega respaldado por nuestro equipo t\u00e9cnico altamente capacitado.\u00a0<\/span><\/p>\t\t\t\t\t\t\t\t<\/div>\n\t\t\t\t<\/div>\n\t\t\t\t\t<\/div>\n\t\t<\/div>\n\t\t\t\t<div class=\"elementor-column elementor-col-50 elementor-inner-column elementor-element elementor-element-e39cbfa\" data-id=\"e39cbfa\" data-element_type=\"column\">\n\t\t\t<div class=\"elementor-widget-wrap elementor-element-populated\">\n\t\t\t\t\t\t<div class=\"elementor-element elementor-element-26e5af1 elementor-widget elementor-widget-image\" data-id=\"26e5af1\" data-element_type=\"widget\" data-widget_type=\"image.default\">\n\t\t\t\t<div class=\"elementor-widget-container\">\n\t\t\t\t\t\t\t\t\t\t\t\t\t\t\t<img decoding=\"async\" src=\"https:\/\/estantesmaurogal.com\/wp-content\/uploads\/2019\/06\/factory2-about-pic1.png\" class=\"attachment-large size-large wp-image-49\" alt=\"\" \/>\t\t\t\t\t\t\t\t\t\t\t\t\t\t\t<\/div>\n\t\t\t\t<\/div>\n\t\t\t\t\t<\/div>\n\t\t<\/div>\n\t\t\t\t\t<\/div>\n\t\t<\/section>\n\t\t\t\t\t<\/div>\n\t\t<\/div>\n\t\t\t\t\t<\/div>\n\t\t<\/section>\n\t\t\t\t<section class=\"elementor-section elementor-top-section elementor-element elementor-element-ae1decf elementor-section-stretched elementor-section-boxed elementor-section-height-default elementor-section-height-default\" data-id=\"ae1decf\" data-element_type=\"section\" data-settings=\"{&quot;stretch_section&quot;:&quot;section-stretched&quot;,&quot;background_background&quot;:&quot;classic&quot;}\">\n\t\t\t\t\t\t<div class=\"elementor-container elementor-column-gap-wider\">\n\t\t\t\t\t<div class=\"elementor-column elementor-col-100 elementor-top-column elementor-element elementor-element-abe35bc\" data-id=\"abe35bc\" data-element_type=\"column\">\n\t\t\t<div class=\"elementor-widget-wrap elementor-element-populated\">\n\t\t\t\t\t\t<section class=\"elementor-section elementor-inner-section elementor-element elementor-element-cae07c4 elementor-section-content-middle elementor-section-boxed elementor-section-height-default elementor-section-height-default\" data-id=\"cae07c4\" data-element_type=\"section\">\n\t\t\t\t\t\t<div class=\"elementor-container elementor-column-gap-wider\">\n\t\t\t\t\t<div class=\"elementor-column elementor-col-50 elementor-inner-column elementor-element elementor-element-9b60964\" data-id=\"9b60964\" data-element_type=\"column\">\n\t\t\t<div class=\"elementor-widget-wrap elementor-element-populated\">\n\t\t\t\t\t\t<div class=\"elementor-element elementor-element-b6eeada elementor-widget elementor-widget-image\" data-id=\"b6eeada\" data-element_type=\"widget\" data-widget_type=\"image.default\">\n\t\t\t\t<div class=\"elementor-widget-container\">\n\t\t\t\t\t\t\t\t\t\t\t\t\t\t\t<img decoding=\"async\" src=\"https:\/\/estantesmaurogal.com\/wp-content\/uploads\/2019\/06\/factory2-about-pic3.jpg\" class=\"attachment-large size-large wp-image-51\" alt=\"\" \/>\t\t\t\t\t\t\t\t\t\t\t\t\t\t\t<\/div>\n\t\t\t\t<\/div>\n\t\t\t\t\t<\/div>\n\t\t<\/div>\n\t\t\t\t<div class=\"elementor-column elementor-col-50 elementor-inner-column elementor-element elementor-element-26093eb\" data-id=\"26093eb\" data-element_type=\"column\">\n\t\t\t<div class=\"elementor-widget-wrap elementor-element-populated\">\n\t\t\t\t\t\t<div class=\"elementor-element elementor-element-7bdaef7 elementor-widget elementor-widget-text-editor\" data-id=\"7bdaef7\" data-element_type=\"widget\" data-widget_type=\"text-editor.default\">\n\t\t\t\t<div class=\"elementor-widget-container\">\n\t\t\t\t\t\t\t\t\t<h2>\u00bfQu\u00e9 hacemos?<\/h2>\t\t\t\t\t\t\t\t<\/div>\n\t\t\t\t<\/div>\n\t\t\t\t<div class=\"elementor-element elementor-element-ce00b06 elementor-widget elementor-widget-text-editor\" data-id=\"ce00b06\" data-element_type=\"widget\" data-widget_type=\"text-editor.default\">\n\t\t\t\t<div class=\"elementor-widget-container\">\n\t\t\t\t\t\t\t\t\t<p>En Maurogal dise\u00f1amos y fabricamos soluciones met\u00e1licas resistentes y funcionales.<\/p><p>Nuestro trabajo se basa en la calidad de los materiales, la precisi\u00f3n en los acabados y el compromiso con la durabilidad. Cada estructura es desarrollada con altos est\u00e1ndares t\u00e9cnicos para adaptarse a las necesidades y exigencias de cada cliente.<\/p>\t\t\t\t\t\t\t\t<\/div>\n\t\t\t\t<\/div>\n\t\t\t\t\t<\/div>\n\t\t<\/div>\n\t\t\t\t\t<\/div>\n\t\t<\/section>\n\t\t\t\t<section class=\"elementor-section elementor-inner-section elementor-element elementor-element-a9ec2a4 elementor-section-content-middle elementor-section-boxed elementor-section-height-default elementor-section-height-default\" data-id=\"a9ec2a4\" data-element_type=\"section\">\n\t\t\t\t\t\t<div class=\"elementor-container elementor-column-gap-wider\">\n\t\t\t\t\t<div class=\"elementor-column elementor-col-50 elementor-inner-column elementor-element elementor-element-96f4628\" data-id=\"96f4628\" data-element_type=\"column\">\n\t\t\t<div class=\"elementor-widget-wrap elementor-element-populated\">\n\t\t\t\t\t\t<div class=\"elementor-element elementor-element-73f96d5 elementor-widget elementor-widget-text-editor\" data-id=\"73f96d5\" data-element_type=\"widget\" data-widget_type=\"text-editor.default\">\n\t\t\t\t<div class=\"elementor-widget-container\">\n\t\t\t\t\t\t\t\t\t<h2><b>Trayectoria<\/b><\/h2>\t\t\t\t\t\t\t\t<\/div>\n\t\t\t\t<\/div>\n\t\t\t\t<div class=\"elementor-element elementor-element-69947aa elementor-widget elementor-widget-text-editor\" data-id=\"69947aa\" data-element_type=\"widget\" data-widget_type=\"text-editor.default\">\n\t\t\t\t<div class=\"elementor-widget-container\">\n\t\t\t\t\t\t\t\t\t<p><span style=\"font-weight: 400;\">Nuestra trayectoria combina conocimiento t\u00e9cnico, tecnolog\u00eda y dedicaci\u00f3n. Con cada estructura fabricada, reforzamos nuestro compromiso con la calidad, la eficiencia y la satisfacci\u00f3n de nuestros clientes.\u00a0<\/span><\/p>\t\t\t\t\t\t\t\t<\/div>\n\t\t\t\t<\/div>\n\t\t\t\t\t<\/div>\n\t\t<\/div>\n\t\t\t\t<div class=\"elementor-column elementor-col-50 elementor-inner-column elementor-element elementor-element-09768d9\" data-id=\"09768d9\" data-element_type=\"column\">\n\t\t\t<div class=\"elementor-widget-wrap elementor-element-populated\">\n\t\t\t\t\t\t<div class=\"elementor-element elementor-element-d878f0f elementor-widget elementor-widget-image\" data-id=\"d878f0f\" data-element_type=\"widget\" data-widget_type=\"image.default\">\n\t\t\t\t<div class=\"elementor-widget-container\">\n\t\t\t\t\t\t\t\t\t\t\t\t\t\t\t<img decoding=\"async\" src=\"https:\/\/estantesmaurogal.com\/wp-content\/uploads\/2019\/06\/factory2-about-columnbg1.jpg\" class=\"attachment-large size-large wp-image-52\" alt=\"\" \/>\t\t\t\t\t\t\t\t\t\t\t\t\t\t\t<\/div>\n\t\t\t\t<\/div>\n\t\t\t\t\t<\/div>\n\t\t<\/div>\n\t\t\t\t\t<\/div>\n\t\t<\/section>\n\t\t\t\t\t<\/div>\n\t\t<\/div>\n\t\t\t\t\t<\/div>\n\t\t<\/section>\n\t\t\t\t<\/div>\n\t\t","protected":false},"excerpt":{"rendered":"<p>Qui\u00e9nes somos En Maurogal nos especializamos en el dise\u00f1o y fabricaci\u00f3n de estanter\u00edas y estructuras met\u00e1licas de alta calidad.\u00a0 Ofrecemos soluciones duraderas, precisas y funcionales que<span class=\"excerpt-hellip\"> [\u2026]<\/span><\/p>\n","protected":false},"author":1,"featured_media":0,"parent":0,"menu_order":0,"comment_status":"open","ping_status":"closed","template":"","meta":{"_joinchat":[],"footnotes":""},"class_list":["post-75","page","type-page","status-publish","hentry"],"yoast_head":"<!-- This site is optimized with the Yoast SEO plugin v26.5 - https:\/\/yoast.com\/wordpress\/plugins\/seo\/ -->\n<title>Qui\u00e9nes Somos | Expertos en Fabricaci\u00f3n de Estanter\u00edas Met\u00e1licas<\/title>\n<meta name=\"description\" content=\"Somos especialistas en la fabricaci\u00f3n de estanter\u00edas met\u00e1licas y estructuras de alta calidad a nivel nacional\" \/>\n<meta name=\"robots\" content=\"index, follow, max-snippet:-1, max-image-preview:large, max-video-preview:-1\" \/>\n<link rel=\"canonical\" href=\"https:\/\/estantesmaurogal.com\/?page_id=75\" \/>\n<meta property=\"og:locale\" content=\"es_ES\" \/>\n<meta property=\"og:type\" content=\"article\" \/>\n<meta property=\"og:title\" content=\"Qui\u00e9nes Somos | Expertos en Fabricaci\u00f3n de Estanter\u00edas Met\u00e1licas\" \/>\n<meta property=\"og:description\" content=\"Somos especialistas en la fabricaci\u00f3n de estanter\u00edas met\u00e1licas y estructuras de alta calidad a nivel nacional\" \/>\n<meta property=\"og:url\" content=\"https:\/\/estantesmaurogal.com\/?page_id=75\" \/>\n<meta property=\"og:site_name\" content=\"Estantes Maurogal\" \/>\n<meta property=\"article:modified_time\" content=\"2025-12-04T19:43:16+00:00\" \/>\n<meta property=\"og:image\" content=\"https:\/\/estantesmaurogal.com\/wp-content\/uploads\/2019\/06\/factory2-about-pic1.png\" \/>\n<meta name=\"twitter:card\" content=\"summary_large_image\" \/>\n<meta name=\"twitter:label1\" content=\"Tiempo de lectura\" \/>\n\t<meta name=\"twitter:data1\" content=\"2 minutos\" \/>\n<script type=\"application\/ld+json\" class=\"yoast-schema-graph\">{\"@context\":\"https:\/\/schema.org\",\"@graph\":[{\"@type\":\"WebPage\",\"@id\":\"https:\/\/estantesmaurogal.com\/?page_id=75\",\"url\":\"https:\/\/estantesmaurogal.com\/?page_id=75\",\"name\":\"Qui\u00e9nes Somos | Expertos en Fabricaci\u00f3n de Estanter\u00edas Met\u00e1licas\",\"isPartOf\":{\"@id\":\"https:\/\/estantesmaurogal.com\/#website\"},\"primaryImageOfPage\":{\"@id\":\"https:\/\/estantesmaurogal.com\/?page_id=75#primaryimage\"},\"image\":{\"@id\":\"https:\/\/estantesmaurogal.com\/?page_id=75#primaryimage\"},\"thumbnailUrl\":\"https:\/\/estantesmaurogal.com\/wp-content\/uploads\/2019\/06\/factory2-about-pic1.png\",\"datePublished\":\"2019-06-25T08:57:54+00:00\",\"dateModified\":\"2025-12-04T19:43:16+00:00\",\"description\":\"Somos especialistas en la fabricaci\u00f3n de estanter\u00edas met\u00e1licas y estructuras de alta calidad a nivel nacional\",\"breadcrumb\":{\"@id\":\"https:\/\/estantesmaurogal.com\/?page_id=75#breadcrumb\"},\"inLanguage\":\"es\",\"potentialAction\":[{\"@type\":\"ReadAction\",\"target\":[\"https:\/\/estantesmaurogal.com\/?page_id=75\"]}]},{\"@type\":\"ImageObject\",\"inLanguage\":\"es\",\"@id\":\"https:\/\/estantesmaurogal.com\/?page_id=75#primaryimage\",\"url\":\"https:\/\/estantesmaurogal.com\/wp-content\/uploads\/2019\/06\/factory2-about-pic1.png\",\"contentUrl\":\"https:\/\/estantesmaurogal.com\/wp-content\/uploads\/2019\/06\/factory2-about-pic1.png\"},{\"@type\":\"BreadcrumbList\",\"@id\":\"https:\/\/estantesmaurogal.com\/?page_id=75#breadcrumb\",\"itemListElement\":[{\"@type\":\"ListItem\",\"position\":1,\"name\":\"Portada\",\"item\":\"https:\/\/estantesmaurogal.com\/\"},{\"@type\":\"ListItem\",\"position\":2,\"name\":\"Quienes Somos\"}]},{\"@type\":\"WebSite\",\"@id\":\"https:\/\/estantesmaurogal.com\/#website\",\"url\":\"https:\/\/estantesmaurogal.com\/\",\"name\":\"Estantes Maurogal\",\"description\":\"Dise\u00f1o y fabricaci\u00f3n de estanter\u00edas y estructuras met\u00e1licas\",\"publisher\":{\"@id\":\"https:\/\/estantesmaurogal.com\/#organization\"},\"potentialAction\":[{\"@type\":\"SearchAction\",\"target\":{\"@type\":\"EntryPoint\",\"urlTemplate\":\"https:\/\/estantesmaurogal.com\/?s={search_term_string}\"},\"query-input\":{\"@type\":\"PropertyValueSpecification\",\"valueRequired\":true,\"valueName\":\"search_term_string\"}}],\"inLanguage\":\"es\"},{\"@type\":\"Organization\",\"@id\":\"https:\/\/estantesmaurogal.com\/#organization\",\"name\":\"Estantes Maurogal\",\"url\":\"https:\/\/estantesmaurogal.com\/\",\"logo\":{\"@type\":\"ImageObject\",\"inLanguage\":\"es\",\"@id\":\"https:\/\/estantesmaurogal.com\/#\/schema\/logo\/image\/\",\"url\":\"https:\/\/estantesmaurogal.com\/wp-content\/uploads\/2025\/11\/logo-mau.png\",\"contentUrl\":\"https:\/\/estantesmaurogal.com\/wp-content\/uploads\/2025\/11\/logo-mau.png\",\"width\":621,\"height\":205,\"caption\":\"Estantes Maurogal\"},\"image\":{\"@id\":\"https:\/\/estantesmaurogal.com\/#\/schema\/logo\/image\/\"}}]}<\/script>\n<!-- \/ Yoast SEO plugin. -->","yoast_head_json":{"title":"Qui\u00e9nes Somos | Expertos en Fabricaci\u00f3n de Estanter\u00edas Met\u00e1licas","description":"Somos especialistas en la fabricaci\u00f3n de estanter\u00edas met\u00e1licas y estructuras de alta calidad a nivel nacional","robots":{"index":"index","follow":"follow","max-snippet":"max-snippet:-1","max-image-preview":"max-image-preview:large","max-video-preview":"max-video-preview:-1"},"canonical":"https:\/\/estantesmaurogal.com\/?page_id=75","og_locale":"es_ES","og_type":"article","og_title":"Qui\u00e9nes Somos | Expertos en Fabricaci\u00f3n de Estanter\u00edas Met\u00e1licas","og_description":"Somos especialistas en la fabricaci\u00f3n de estanter\u00edas met\u00e1licas y estructuras de alta calidad a nivel nacional","og_url":"https:\/\/estantesmaurogal.com\/?page_id=75","og_site_name":"Estantes Maurogal","article_modified_time":"2025-12-04T19:43:16+00:00","og_image":[{"url":"https:\/\/estantesmaurogal.com\/wp-content\/uploads\/2019\/06\/factory2-about-pic1.png","type":"","width":"","height":""}],"twitter_card":"summary_large_image","twitter_misc":{"Tiempo de lectura":"2 minutos"},"schema":{"@context":"https:\/\/schema.org","@graph":[{"@type":"WebPage","@id":"https:\/\/estantesmaurogal.com\/?page_id=75","url":"https:\/\/estantesmaurogal.com\/?page_id=75","name":"Qui\u00e9nes Somos | Expertos en Fabricaci\u00f3n de Estanter\u00edas Met\u00e1licas","isPartOf":{"@id":"https:\/\/estantesmaurogal.com\/#website"},"primaryImageOfPage":{"@id":"https:\/\/estantesmaurogal.com\/?page_id=75#primaryimage"},"image":{"@id":"https:\/\/estantesmaurogal.com\/?page_id=75#primaryimage"},"thumbnailUrl":"https:\/\/estantesmaurogal.com\/wp-content\/uploads\/2019\/06\/factory2-about-pic1.png","datePublished":"2019-06-25T08:57:54+00:00","dateModified":"2025-12-04T19:43:16+00:00","description":"Somos especialistas en la fabricaci\u00f3n de estanter\u00edas met\u00e1licas y estructuras de alta calidad a nivel nacional","breadcrumb":{"@id":"https:\/\/estantesmaurogal.com\/?page_id=75#breadcrumb"},"inLanguage":"es","potentialAction":[{"@type":"ReadAction","target":["https:\/\/estantesmaurogal.com\/?page_id=75"]}]},{"@type":"ImageObject","inLanguage":"es","@id":"https:\/\/estantesmaurogal.com\/?page_id=75#primaryimage","url":"https:\/\/estantesmaurogal.com\/wp-content\/uploads\/2019\/06\/factory2-about-pic1.png","contentUrl":"https:\/\/estantesmaurogal.com\/wp-content\/uploads\/2019\/06\/factory2-about-pic1.png"},{"@type":"BreadcrumbList","@id":"https:\/\/estantesmaurogal.com\/?page_id=75#breadcrumb","itemListElement":[{"@type":"ListItem","position":1,"name":"Portada","item":"https:\/\/estantesmaurogal.com\/"},{"@type":"ListItem","position":2,"name":"Quienes Somos"}]},{"@type":"WebSite","@id":"https:\/\/estantesmaurogal.com\/#website","url":"https:\/\/estantesmaurogal.com\/","name":"Estantes Maurogal","description":"Dise\u00f1o y fabricaci\u00f3n de estanter\u00edas y estructuras met\u00e1licas","publisher":{"@id":"https:\/\/estantesmaurogal.com\/#organization"},"potentialAction":[{"@type":"SearchAction","target":{"@type":"EntryPoint","urlTemplate":"https:\/\/estantesmaurogal.com\/?s={search_term_string}"},"query-input":{"@type":"PropertyValueSpecification","valueRequired":true,"valueName":"search_term_string"}}],"inLanguage":"es"},{"@type":"Organization","@id":"https:\/\/estantesmaurogal.com\/#organization","name":"Estantes Maurogal","url":"https:\/\/estantesmaurogal.com\/","logo":{"@type":"ImageObject","inLanguage":"es","@id":"https:\/\/estantesmaurogal.com\/#\/schema\/logo\/image\/","url":"https:\/\/estantesmaurogal.com\/wp-content\/uploads\/2025\/11\/logo-mau.png","contentUrl":"https:\/\/estantesmaurogal.com\/wp-content\/uploads\/2025\/11\/logo-mau.png","width":621,"height":205,"caption":"Estantes Maurogal"},"image":{"@id":"https:\/\/estantesmaurogal.com\/#\/schema\/logo\/image\/"}}]}},"jetpack_sharing_enabled":true,"_links":{"self":[{"href":"https:\/\/estantesmaurogal.com\/index.php?rest_route=\/wp\/v2\/pages\/75","targetHints":{"allow":["GET"]}}],"collection":[{"href":"https:\/\/estantesmaurogal.com\/index.php?rest_route=\/wp\/v2\/pages"}],"about":[{"href":"https:\/\/estantesmaurogal.com\/index.php?rest_route=\/wp\/v2\/types\/page"}],"author":[{"embeddable":true,"href":"https:\/\/estantesmaurogal.com\/index.php?rest_route=\/wp\/v2\/users\/1"}],"replies":[{"embeddable":true,"href":"https:\/\/estantesmaurogal.com\/index.php?rest_route=%2Fwp%2Fv2%2Fcomments&post=75"}],"version-history":[{"count":16,"href":"https:\/\/estantesmaurogal.com\/index.php?rest_route=\/wp\/v2\/pages\/75\/revisions"}],"predecessor-version":[{"id":367,"href":"https:\/\/estantesmaurogal.com\/index.php?rest_route=\/wp\/v2\/pages\/75\/revisions\/367"}],"wp:attachment":[{"href":"https:\/\/estantesmaurogal.com\/index.php?rest_route=%2Fwp%2Fv2%2Fmedia&parent=75"}],"curies":[{"name":"wp","href":"https:\/\/api.w.org\/{rel}","templated":true}]}}