{"id":214,"date":"2025-11-12T22:46:59","date_gmt":"2025-11-12T22:46:59","guid":{"rendered":"https:\/\/estantesmaurogal.com\/?page_id=214"},"modified":"2025-12-04T19:57:24","modified_gmt":"2025-12-04T19:57:24","slug":"servicio-de-pintado-electroestatico","status":"publish","type":"page","link":"https:\/\/estantesmaurogal.com\/?page_id=214","title":{"rendered":"Servicio de pintado electroest\u00e1tico"},"content":{"rendered":"\t\t<div data-elementor-type=\"wp-page\" data-elementor-id=\"214\" class=\"elementor elementor-214\" data-elementor-post-type=\"page\">\n\t\t\t\t\t\t<section class=\"elementor-section elementor-top-section elementor-element elementor-element-6394eacb elementor-section-stretched elementor-section-boxed elementor-section-height-default elementor-section-height-default\" data-id=\"6394eacb\" data-element_type=\"section\" data-settings=\"{&quot;stretch_section&quot;:&quot;section-stretched&quot;,&quot;background_background&quot;:&quot;classic&quot;}\">\n\t\t\t\t\t\t<div class=\"elementor-container elementor-column-gap-wider\">\n\t\t\t\t\t<div class=\"elementor-column elementor-col-100 elementor-top-column elementor-element elementor-element-35bfbf55\" data-id=\"35bfbf55\" data-element_type=\"column\">\n\t\t\t<div class=\"elementor-widget-wrap elementor-element-populated\">\n\t\t\t\t\t\t<section class=\"elementor-section elementor-inner-section elementor-element elementor-element-c49c92b elementor-section-content-middle elementor-section-boxed elementor-section-height-default elementor-section-height-default\" data-id=\"c49c92b\" data-element_type=\"section\">\n\t\t\t\t\t\t<div class=\"elementor-container elementor-column-gap-wider\">\n\t\t\t\t\t<div class=\"elementor-column elementor-col-50 elementor-inner-column elementor-element elementor-element-32b9a415\" data-id=\"32b9a415\" data-element_type=\"column\">\n\t\t\t<div class=\"elementor-widget-wrap elementor-element-populated\">\n\t\t\t\t\t\t<div class=\"elementor-element elementor-element-e57fc3c elementor-widget elementor-widget-text-editor\" data-id=\"e57fc3c\" data-element_type=\"widget\" data-widget_type=\"text-editor.default\">\n\t\t\t\t<div class=\"elementor-widget-container\">\n\t\t\t\t\t\t\t\t\t<h2>Nuestros Servicios<\/h2>\t\t\t\t\t\t\t\t<\/div>\n\t\t\t\t<\/div>\n\t\t\t\t\t<\/div>\n\t\t<\/div>\n\t\t\t\t<div class=\"elementor-column elementor-col-50 elementor-inner-column elementor-element elementor-element-2fad91ce\" data-id=\"2fad91ce\" data-element_type=\"column\">\n\t\t\t<div class=\"elementor-widget-wrap\">\n\t\t\t\t\t\t\t<\/div>\n\t\t<\/div>\n\t\t\t\t\t<\/div>\n\t\t<\/section>\n\t\t\t\t<section class=\"elementor-section elementor-inner-section elementor-element elementor-element-6f0302ba elementor-section-content-middle elementor-section-boxed elementor-section-height-default elementor-section-height-default\" data-id=\"6f0302ba\" data-element_type=\"section\">\n\t\t\t\t\t\t<div class=\"elementor-container elementor-column-gap-default\">\n\t\t\t\t\t<div class=\"elementor-column elementor-col-50 elementor-inner-column elementor-element elementor-element-26352f39\" data-id=\"26352f39\" data-element_type=\"column\" data-settings=\"{&quot;background_background&quot;:&quot;classic&quot;}\">\n\t\t\t<div class=\"elementor-widget-wrap elementor-element-populated\">\n\t\t\t\t\t\t<div class=\"elementor-element elementor-element-1cda8035 elementor-widget elementor-widget-image\" data-id=\"1cda8035\" data-element_type=\"widget\" data-widget_type=\"image.default\">\n\t\t\t\t<div class=\"elementor-widget-container\">\n\t\t\t\t\t\t\t\t\t\t\t\t\t\t\t<img fetchpriority=\"high\" decoding=\"async\" width=\"1200\" height=\"926\" src=\"https:\/\/estantesmaurogal.com\/wp-content\/uploads\/2025\/11\/WhatsApp-Image-2025-11-12-at-5.58.12-PM-1-1200x926.jpeg\" class=\"attachment-large size-large wp-image-217\" alt=\"\" srcset=\"https:\/\/estantesmaurogal.com\/wp-content\/uploads\/2025\/11\/WhatsApp-Image-2025-11-12-at-5.58.12-PM-1-1200x926.jpeg 1200w, https:\/\/estantesmaurogal.com\/wp-content\/uploads\/2025\/11\/WhatsApp-Image-2025-11-12-at-5.58.12-PM-1-500x386.jpeg 500w, https:\/\/estantesmaurogal.com\/wp-content\/uploads\/2025\/11\/WhatsApp-Image-2025-11-12-at-5.58.12-PM-1-300x232.jpeg 300w, https:\/\/estantesmaurogal.com\/wp-content\/uploads\/2025\/11\/WhatsApp-Image-2025-11-12-at-5.58.12-PM-1-768x593.jpeg 768w, https:\/\/estantesmaurogal.com\/wp-content\/uploads\/2025\/11\/WhatsApp-Image-2025-11-12-at-5.58.12-PM-1-1536x1186.jpeg 1536w, https:\/\/estantesmaurogal.com\/wp-content\/uploads\/2025\/11\/WhatsApp-Image-2025-11-12-at-5.58.12-PM-1-97x75.jpeg 97w, https:\/\/estantesmaurogal.com\/wp-content\/uploads\/2025\/11\/WhatsApp-Image-2025-11-12-at-5.58.12-PM-1-480x371.jpeg 480w, https:\/\/estantesmaurogal.com\/wp-content\/uploads\/2025\/11\/WhatsApp-Image-2025-11-12-at-5.58.12-PM-1-800x618.jpeg 800w, https:\/\/estantesmaurogal.com\/wp-content\/uploads\/2025\/11\/WhatsApp-Image-2025-11-12-at-5.58.12-PM-1.jpeg 1600w\" sizes=\"(max-width:767px) 480px, (max-width:1200px) 100vw, 1200px\" \/>\t\t\t\t\t\t\t\t\t\t\t\t\t\t\t<\/div>\n\t\t\t\t<\/div>\n\t\t\t\t\t<\/div>\n\t\t<\/div>\n\t\t\t\t<div class=\"elementor-column elementor-col-50 elementor-inner-column elementor-element elementor-element-3baaa094\" data-id=\"3baaa094\" data-element_type=\"column\" data-settings=\"{&quot;background_background&quot;:&quot;classic&quot;}\">\n\t\t\t<div class=\"elementor-widget-wrap elementor-element-populated\">\n\t\t\t\t\t\t<div class=\"elementor-element elementor-element-613c4691 elementor-widget elementor-widget-text-editor\" data-id=\"613c4691\" data-element_type=\"widget\" data-widget_type=\"text-editor.default\">\n\t\t\t\t<div class=\"elementor-widget-container\">\n\t\t\t\t\t\t\t\t\t<h4 data-start=\"123\" data-end=\"175\">\ud83c\udfa8 Servicio de Pintura Electrost\u00e1tica en Polvo<\/h4>\t\t\t\t\t\t\t\t<\/div>\n\t\t\t\t<\/div>\n\t\t\t\t<div class=\"elementor-element elementor-element-3d3640b9 elementor-widget elementor-widget-text-editor\" data-id=\"3d3640b9\" data-element_type=\"widget\" data-widget_type=\"text-editor.default\">\n\t\t\t\t<div class=\"elementor-widget-container\">\n\t\t\t\t\t\t\t\t\t<p data-start=\"177\" data-end=\"458\">Ofrecemos un servicio especializado de <strong data-start=\"216\" data-end=\"251\">pintura electrost\u00e1tica en polvo<\/strong>, garantizando acabados uniformes, duraderos y de alta resistencia. Utilizamos tecnolog\u00eda profesional para aplicar la pintura mediante carga el\u00e9ctrica, logrando una adherencia perfecta en piezas met\u00e1licas.<\/p><p data-start=\"460\" data-end=\"695\">Este proceso no solo mejora la apariencia del producto, sino que tambi\u00e9n <strong data-start=\"533\" data-end=\"608\">protege contra la corrosi\u00f3n, rayones y condiciones ambientales extremas<\/strong>, ideal para estructuras met\u00e1licas, mobiliario, puertas, barandas, estanter\u00edas y m\u00e1s.<\/p>\t\t\t\t\t\t\t\t<\/div>\n\t\t\t\t<\/div>\n\t\t\t\t\t<\/div>\n\t\t<\/div>\n\t\t\t\t\t<\/div>\n\t\t<\/section>\n\t\t\t\t\t<\/div>\n\t\t<\/div>\n\t\t\t\t\t<\/div>\n\t\t<\/section>\n\t\t\t\t<section class=\"elementor-section elementor-top-section elementor-element elementor-element-72cd644a elementor-section-stretched elementor-section-boxed elementor-section-height-default elementor-section-height-default\" data-id=\"72cd644a\" data-element_type=\"section\" data-settings=\"{&quot;stretch_section&quot;:&quot;section-stretched&quot;,&quot;background_background&quot;:&quot;classic&quot;}\">\n\t\t\t\t\t\t<div class=\"elementor-container elementor-column-gap-wider\">\n\t\t\t\t\t<div class=\"elementor-column elementor-col-100 elementor-top-column elementor-element elementor-element-71261c03\" data-id=\"71261c03\" data-element_type=\"column\">\n\t\t\t<div class=\"elementor-widget-wrap elementor-element-populated\">\n\t\t\t\t\t\t<section class=\"elementor-section elementor-inner-section elementor-element elementor-element-63c0ec54 elementor-section-boxed elementor-section-height-default elementor-section-height-default\" data-id=\"63c0ec54\" data-element_type=\"section\">\n\t\t\t\t\t\t<div class=\"elementor-container elementor-column-gap-default\">\n\t\t\t\t\t<div class=\"elementor-column elementor-col-100 elementor-inner-column elementor-element elementor-element-8e2fa1c\" data-id=\"8e2fa1c\" data-element_type=\"column\">\n\t\t\t<div class=\"elementor-widget-wrap elementor-element-populated\">\n\t\t\t\t\t\t<div class=\"elementor-element elementor-element-5bf4c668 elementor-widget elementor-widget-text-editor\" data-id=\"5bf4c668\" data-element_type=\"widget\" data-widget_type=\"text-editor.default\">\n\t\t\t\t<div class=\"elementor-widget-container\">\n\t\t\t\t\t\t\t\t\t<h2><span style=\"color: #ffffff;\">COMUNICATE CON NOSOTROS<\/span><\/h2>\t\t\t\t\t\t\t\t<\/div>\n\t\t\t\t<\/div>\n\t\t\t\t<div class=\"elementor-element elementor-element-7c7c5ecd elementor-widget elementor-widget-spacer\" data-id=\"7c7c5ecd\" data-element_type=\"widget\" data-widget_type=\"spacer.default\">\n\t\t\t\t<div class=\"elementor-widget-container\">\n\t\t\t\t\t\t\t<div class=\"elementor-spacer\">\n\t\t\t<div class=\"elementor-spacer-inner\"><\/div>\n\t\t<\/div>\n\t\t\t\t\t\t<\/div>\n\t\t\t\t<\/div>\n\t\t\t\t<div class=\"elementor-element elementor-element-115767f2 elementor-mobile-align-justify elementor-widget elementor-widget-button\" data-id=\"115767f2\" data-element_type=\"widget\" data-widget_type=\"button.default\">\n\t\t\t\t<div class=\"elementor-widget-container\">\n\t\t\t\t\t\t\t\t\t<div class=\"elementor-button-wrapper\">\n\t\t\t\t\t<a class=\"elementor-button elementor-button-link elementor-size-sm\" href=\"https:\/\/estantesmaurogal.com\/how-we-work\/\">\n\t\t\t\t\t\t<span class=\"elementor-button-content-wrapper\">\n\t\t\t\t\t\t<span class=\"elementor-button-icon\">\n\t\t\t\t<i aria-hidden=\"true\" class=\"fas fa-angle-right\"><\/i>\t\t\t<\/span>\n\t\t\t\t\t\t\t\t\t<span class=\"elementor-button-text\">ESCRIBENOS<\/span>\n\t\t\t\t\t<\/span>\n\t\t\t\t\t<\/a>\n\t\t\t\t<\/div>\n\t\t\t\t\t\t\t\t<\/div>\n\t\t\t\t<\/div>\n\t\t\t\t\t<\/div>\n\t\t<\/div>\n\t\t\t\t\t<\/div>\n\t\t<\/section>\n\t\t\t\t\t<\/div>\n\t\t<\/div>\n\t\t\t\t\t<\/div>\n\t\t<\/section>\n\t\t\t\t<\/div>\n\t\t","protected":false},"excerpt":{"rendered":"<p>Nuestros Servicios \ud83c\udfa8 Servicio de Pintura Electrost\u00e1tica en Polvo Ofrecemos un servicio especializado de pintura electrost\u00e1tica en polvo, garantizando acabados uniformes, duraderos y de alta resistencia.<span class=\"excerpt-hellip\"> [\u2026]<\/span><\/p>\n","protected":false},"author":1,"featured_media":0,"parent":0,"menu_order":0,"comment_status":"closed","ping_status":"closed","template":"","meta":{"_joinchat":[],"footnotes":""},"class_list":["post-214","page","type-page","status-publish","hentry"],"yoast_head":"<!-- This site is optimized with the Yoast SEO plugin v26.5 - https:\/\/yoast.com\/wordpress\/plugins\/seo\/ -->\n<title>Servicio de Pintado Electrost\u00e1tico Acabados Duraderos<\/title>\n<meta name=\"description\" content=\"Servicio de pintado electrost\u00e1tico con acabados uniformes, resistentes y de alta durabilidad para proyectos a nivel nacional.\" \/>\n<meta name=\"robots\" content=\"index, follow, max-snippet:-1, max-image-preview:large, max-video-preview:-1\" \/>\n<link rel=\"canonical\" href=\"https:\/\/estantesmaurogal.com\/?page_id=214\" \/>\n<meta property=\"og:locale\" content=\"es_ES\" \/>\n<meta property=\"og:type\" content=\"article\" \/>\n<meta property=\"og:title\" content=\"Servicio de Pintado Electrost\u00e1tico Acabados Duraderos\" \/>\n<meta property=\"og:description\" content=\"Servicio de pintado electrost\u00e1tico con acabados uniformes, resistentes y de alta durabilidad para proyectos a nivel nacional.\" \/>\n<meta property=\"og:url\" content=\"https:\/\/estantesmaurogal.com\/?page_id=214\" \/>\n<meta property=\"og:site_name\" content=\"Estantes Maurogal\" \/>\n<meta property=\"article:modified_time\" content=\"2025-12-04T19:57:24+00:00\" \/>\n<meta property=\"og:image\" content=\"https:\/\/estantesmaurogal.com\/wp-content\/uploads\/2025\/11\/WhatsApp-Image-2025-11-12-at-5.58.12-PM-1-1200x926.jpeg\" \/>\n<meta name=\"twitter:card\" content=\"summary_large_image\" \/>\n<meta name=\"twitter:label1\" content=\"Tiempo de lectura\" \/>\n\t<meta name=\"twitter:data1\" content=\"1 minuto\" \/>\n<script type=\"application\/ld+json\" class=\"yoast-schema-graph\">{\"@context\":\"https:\/\/schema.org\",\"@graph\":[{\"@type\":\"WebPage\",\"@id\":\"https:\/\/estantesmaurogal.com\/?page_id=214\",\"url\":\"https:\/\/estantesmaurogal.com\/?page_id=214\",\"name\":\"Servicio de Pintado Electrost\u00e1tico Acabados Duraderos\",\"isPartOf\":{\"@id\":\"https:\/\/estantesmaurogal.com\/#website\"},\"primaryImageOfPage\":{\"@id\":\"https:\/\/estantesmaurogal.com\/?page_id=214#primaryimage\"},\"image\":{\"@id\":\"https:\/\/estantesmaurogal.com\/?page_id=214#primaryimage\"},\"thumbnailUrl\":\"https:\/\/estantesmaurogal.com\/wp-content\/uploads\/2025\/11\/WhatsApp-Image-2025-11-12-at-5.58.12-PM-1-1200x926.jpeg\",\"datePublished\":\"2025-11-12T22:46:59+00:00\",\"dateModified\":\"2025-12-04T19:57:24+00:00\",\"description\":\"Servicio de pintado electrost\u00e1tico con acabados uniformes, resistentes y de alta durabilidad para proyectos a nivel nacional.\",\"breadcrumb\":{\"@id\":\"https:\/\/estantesmaurogal.com\/?page_id=214#breadcrumb\"},\"inLanguage\":\"es\",\"potentialAction\":[{\"@type\":\"ReadAction\",\"target\":[\"https:\/\/estantesmaurogal.com\/?page_id=214\"]}]},{\"@type\":\"ImageObject\",\"inLanguage\":\"es\",\"@id\":\"https:\/\/estantesmaurogal.com\/?page_id=214#primaryimage\",\"url\":\"https:\/\/estantesmaurogal.com\/wp-content\/uploads\/2025\/11\/WhatsApp-Image-2025-11-12-at-5.58.12-PM-1.jpeg\",\"contentUrl\":\"https:\/\/estantesmaurogal.com\/wp-content\/uploads\/2025\/11\/WhatsApp-Image-2025-11-12-at-5.58.12-PM-1.jpeg\",\"width\":1600,\"height\":1235},{\"@type\":\"BreadcrumbList\",\"@id\":\"https:\/\/estantesmaurogal.com\/?page_id=214#breadcrumb\",\"itemListElement\":[{\"@type\":\"ListItem\",\"position\":1,\"name\":\"Portada\",\"item\":\"https:\/\/estantesmaurogal.com\/\"},{\"@type\":\"ListItem\",\"position\":2,\"name\":\"Servicio de pintado electroest\u00e1tico\"}]},{\"@type\":\"WebSite\",\"@id\":\"https:\/\/estantesmaurogal.com\/#website\",\"url\":\"https:\/\/estantesmaurogal.com\/\",\"name\":\"Estantes Maurogal\",\"description\":\"Dise\u00f1o y fabricaci\u00f3n de estanter\u00edas y estructuras met\u00e1licas\",\"publisher\":{\"@id\":\"https:\/\/estantesmaurogal.com\/#organization\"},\"potentialAction\":[{\"@type\":\"SearchAction\",\"target\":{\"@type\":\"EntryPoint\",\"urlTemplate\":\"https:\/\/estantesmaurogal.com\/?s={search_term_string}\"},\"query-input\":{\"@type\":\"PropertyValueSpecification\",\"valueRequired\":true,\"valueName\":\"search_term_string\"}}],\"inLanguage\":\"es\"},{\"@type\":\"Organization\",\"@id\":\"https:\/\/estantesmaurogal.com\/#organization\",\"name\":\"Estantes Maurogal\",\"url\":\"https:\/\/estantesmaurogal.com\/\",\"logo\":{\"@type\":\"ImageObject\",\"inLanguage\":\"es\",\"@id\":\"https:\/\/estantesmaurogal.com\/#\/schema\/logo\/image\/\",\"url\":\"https:\/\/estantesmaurogal.com\/wp-content\/uploads\/2025\/11\/logo-mau.png\",\"contentUrl\":\"https:\/\/estantesmaurogal.com\/wp-content\/uploads\/2025\/11\/logo-mau.png\",\"width\":621,\"height\":205,\"caption\":\"Estantes Maurogal\"},\"image\":{\"@id\":\"https:\/\/estantesmaurogal.com\/#\/schema\/logo\/image\/\"}}]}<\/script>\n<!-- \/ Yoast SEO plugin. -->","yoast_head_json":{"title":"Servicio de Pintado Electrost\u00e1tico Acabados Duraderos","description":"Servicio de pintado electrost\u00e1tico con acabados uniformes, resistentes y de alta durabilidad para proyectos a nivel nacional.","robots":{"index":"index","follow":"follow","max-snippet":"max-snippet:-1","max-image-preview":"max-image-preview:large","max-video-preview":"max-video-preview:-1"},"canonical":"https:\/\/estantesmaurogal.com\/?page_id=214","og_locale":"es_ES","og_type":"article","og_title":"Servicio de Pintado Electrost\u00e1tico Acabados Duraderos","og_description":"Servicio de pintado electrost\u00e1tico con acabados uniformes, resistentes y de alta durabilidad para proyectos a nivel nacional.","og_url":"https:\/\/estantesmaurogal.com\/?page_id=214","og_site_name":"Estantes Maurogal","article_modified_time":"2025-12-04T19:57:24+00:00","og_image":[{"url":"https:\/\/estantesmaurogal.com\/wp-content\/uploads\/2025\/11\/WhatsApp-Image-2025-11-12-at-5.58.12-PM-1-1200x926.jpeg","type":"","width":"","height":""}],"twitter_card":"summary_large_image","twitter_misc":{"Tiempo de lectura":"1 minuto"},"schema":{"@context":"https:\/\/schema.org","@graph":[{"@type":"WebPage","@id":"https:\/\/estantesmaurogal.com\/?page_id=214","url":"https:\/\/estantesmaurogal.com\/?page_id=214","name":"Servicio de Pintado Electrost\u00e1tico Acabados Duraderos","isPartOf":{"@id":"https:\/\/estantesmaurogal.com\/#website"},"primaryImageOfPage":{"@id":"https:\/\/estantesmaurogal.com\/?page_id=214#primaryimage"},"image":{"@id":"https:\/\/estantesmaurogal.com\/?page_id=214#primaryimage"},"thumbnailUrl":"https:\/\/estantesmaurogal.com\/wp-content\/uploads\/2025\/11\/WhatsApp-Image-2025-11-12-at-5.58.12-PM-1-1200x926.jpeg","datePublished":"2025-11-12T22:46:59+00:00","dateModified":"2025-12-04T19:57:24+00:00","description":"Servicio de pintado electrost\u00e1tico con acabados uniformes, resistentes y de alta durabilidad para proyectos a nivel nacional.","breadcrumb":{"@id":"https:\/\/estantesmaurogal.com\/?page_id=214#breadcrumb"},"inLanguage":"es","potentialAction":[{"@type":"ReadAction","target":["https:\/\/estantesmaurogal.com\/?page_id=214"]}]},{"@type":"ImageObject","inLanguage":"es","@id":"https:\/\/estantesmaurogal.com\/?page_id=214#primaryimage","url":"https:\/\/estantesmaurogal.com\/wp-content\/uploads\/2025\/11\/WhatsApp-Image-2025-11-12-at-5.58.12-PM-1.jpeg","contentUrl":"https:\/\/estantesmaurogal.com\/wp-content\/uploads\/2025\/11\/WhatsApp-Image-2025-11-12-at-5.58.12-PM-1.jpeg","width":1600,"height":1235},{"@type":"BreadcrumbList","@id":"https:\/\/estantesmaurogal.com\/?page_id=214#breadcrumb","itemListElement":[{"@type":"ListItem","position":1,"name":"Portada","item":"https:\/\/estantesmaurogal.com\/"},{"@type":"ListItem","position":2,"name":"Servicio de pintado electroest\u00e1tico"}]},{"@type":"WebSite","@id":"https:\/\/estantesmaurogal.com\/#website","url":"https:\/\/estantesmaurogal.com\/","name":"Estantes Maurogal","description":"Dise\u00f1o y fabricaci\u00f3n de estanter\u00edas y estructuras met\u00e1licas","publisher":{"@id":"https:\/\/estantesmaurogal.com\/#organization"},"potentialAction":[{"@type":"SearchAction","target":{"@type":"EntryPoint","urlTemplate":"https:\/\/estantesmaurogal.com\/?s={search_term_string}"},"query-input":{"@type":"PropertyValueSpecification","valueRequired":true,"valueName":"search_term_string"}}],"inLanguage":"es"},{"@type":"Organization","@id":"https:\/\/estantesmaurogal.com\/#organization","name":"Estantes Maurogal","url":"https:\/\/estantesmaurogal.com\/","logo":{"@type":"ImageObject","inLanguage":"es","@id":"https:\/\/estantesmaurogal.com\/#\/schema\/logo\/image\/","url":"https:\/\/estantesmaurogal.com\/wp-content\/uploads\/2025\/11\/logo-mau.png","contentUrl":"https:\/\/estantesmaurogal.com\/wp-content\/uploads\/2025\/11\/logo-mau.png","width":621,"height":205,"caption":"Estantes Maurogal"},"image":{"@id":"https:\/\/estantesmaurogal.com\/#\/schema\/logo\/image\/"}}]}},"jetpack_sharing_enabled":true,"_links":{"self":[{"href":"https:\/\/estantesmaurogal.com\/index.php?rest_route=\/wp\/v2\/pages\/214","targetHints":{"allow":["GET"]}}],"collection":[{"href":"https:\/\/estantesmaurogal.com\/index.php?rest_route=\/wp\/v2\/pages"}],"about":[{"href":"https:\/\/estantesmaurogal.com\/index.php?rest_route=\/wp\/v2\/types\/page"}],"author":[{"embeddable":true,"href":"https:\/\/estantesmaurogal.com\/index.php?rest_route=\/wp\/v2\/users\/1"}],"replies":[{"embeddable":true,"href":"https:\/\/estantesmaurogal.com\/index.php?rest_route=%2Fwp%2Fv2%2Fcomments&post=214"}],"version-history":[{"count":22,"href":"https:\/\/estantesmaurogal.com\/index.php?rest_route=\/wp\/v2\/pages\/214\/revisions"}],"predecessor-version":[{"id":377,"href":"https:\/\/estantesmaurogal.com\/index.php?rest_route=\/wp\/v2\/pages\/214\/revisions\/377"}],"wp:attachment":[{"href":"https:\/\/estantesmaurogal.com\/index.php?rest_route=%2Fwp%2Fv2%2Fmedia&parent=214"}],"curies":[{"name":"wp","href":"https:\/\/api.w.org\/{rel}","templated":true}]}}