{"id":204,"date":"2025-11-12T21:54:36","date_gmt":"2025-11-12T21:54:36","guid":{"rendered":"https:\/\/estantesmaurogal.com\/?page_id=204"},"modified":"2025-12-04T19:55:28","modified_gmt":"2025-12-04T19:55:28","slug":"servicio-de-dobladora","status":"publish","type":"page","link":"https:\/\/estantesmaurogal.com\/?page_id=204","title":{"rendered":"Servicio de dobladora"},"content":{"rendered":"\t\t<div data-elementor-type=\"wp-page\" data-elementor-id=\"204\" class=\"elementor elementor-204\" data-elementor-post-type=\"page\">\n\t\t\t\t\t\t<section class=\"elementor-section elementor-top-section elementor-element elementor-element-753c153 elementor-section-stretched elementor-section-boxed elementor-section-height-default elementor-section-height-default\" data-id=\"753c153\" data-element_type=\"section\" data-settings=\"{&quot;stretch_section&quot;:&quot;section-stretched&quot;,&quot;background_background&quot;:&quot;classic&quot;}\">\n\t\t\t\t\t\t<div class=\"elementor-container elementor-column-gap-wider\">\n\t\t\t\t\t<div class=\"elementor-column elementor-col-100 elementor-top-column elementor-element elementor-element-744345a\" data-id=\"744345a\" data-element_type=\"column\">\n\t\t\t<div class=\"elementor-widget-wrap elementor-element-populated\">\n\t\t\t\t\t\t<section class=\"elementor-section elementor-inner-section elementor-element elementor-element-224bec4 elementor-section-content-middle elementor-section-boxed elementor-section-height-default elementor-section-height-default\" data-id=\"224bec4\" data-element_type=\"section\">\n\t\t\t\t\t\t<div class=\"elementor-container elementor-column-gap-wider\">\n\t\t\t\t\t<div class=\"elementor-column elementor-col-50 elementor-inner-column elementor-element elementor-element-5435d60\" data-id=\"5435d60\" data-element_type=\"column\">\n\t\t\t<div class=\"elementor-widget-wrap elementor-element-populated\">\n\t\t\t\t\t\t<div class=\"elementor-element elementor-element-edf1493 elementor-widget elementor-widget-text-editor\" data-id=\"edf1493\" data-element_type=\"widget\" data-widget_type=\"text-editor.default\">\n\t\t\t\t<div class=\"elementor-widget-container\">\n\t\t\t\t\t\t\t\t\t<h2>Servicio de dobladora<\/h2>\t\t\t\t\t\t\t\t<\/div>\n\t\t\t\t<\/div>\n\t\t\t\t\t<\/div>\n\t\t<\/div>\n\t\t\t\t<div class=\"elementor-column elementor-col-50 elementor-inner-column elementor-element elementor-element-c813cce\" data-id=\"c813cce\" data-element_type=\"column\">\n\t\t\t<div class=\"elementor-widget-wrap\">\n\t\t\t\t\t\t\t<\/div>\n\t\t<\/div>\n\t\t\t\t\t<\/div>\n\t\t<\/section>\n\t\t\t\t<section class=\"elementor-section elementor-inner-section elementor-element elementor-element-34b2ec2 elementor-section-boxed elementor-section-height-default elementor-section-height-default\" data-id=\"34b2ec2\" data-element_type=\"section\">\n\t\t\t\t\t\t<div class=\"elementor-container elementor-column-gap-default\">\n\t\t\t\t\t<div class=\"elementor-column elementor-col-50 elementor-inner-column elementor-element elementor-element-ff2a100\" data-id=\"ff2a100\" data-element_type=\"column\" data-settings=\"{&quot;background_background&quot;:&quot;classic&quot;}\">\n\t\t\t<div class=\"elementor-widget-wrap elementor-element-populated\">\n\t\t\t\t\t\t<div class=\"elementor-element elementor-element-31931bf elementor-widget elementor-widget-image\" data-id=\"31931bf\" data-element_type=\"widget\" data-widget_type=\"image.default\">\n\t\t\t\t<div class=\"elementor-widget-container\">\n\t\t\t\t\t\t\t\t\t\t\t\t\t\t\t<img fetchpriority=\"high\" decoding=\"async\" width=\"1200\" height=\"800\" src=\"https:\/\/estantesmaurogal.com\/wp-content\/uploads\/2025\/11\/WhatsApp-Image-2025-11-12-at-4.29.38-PM-1200x800.jpeg\" class=\"attachment-large size-large wp-image-200\" alt=\"\" srcset=\"https:\/\/estantesmaurogal.com\/wp-content\/uploads\/2025\/11\/WhatsApp-Image-2025-11-12-at-4.29.38-PM-1200x800.jpeg 1200w, https:\/\/estantesmaurogal.com\/wp-content\/uploads\/2025\/11\/WhatsApp-Image-2025-11-12-at-4.29.38-PM-500x333.jpeg 500w, https:\/\/estantesmaurogal.com\/wp-content\/uploads\/2025\/11\/WhatsApp-Image-2025-11-12-at-4.29.38-PM-300x200.jpeg 300w, https:\/\/estantesmaurogal.com\/wp-content\/uploads\/2025\/11\/WhatsApp-Image-2025-11-12-at-4.29.38-PM-768x512.jpeg 768w, https:\/\/estantesmaurogal.com\/wp-content\/uploads\/2025\/11\/WhatsApp-Image-2025-11-12-at-4.29.38-PM-1536x1023.jpeg 1536w, https:\/\/estantesmaurogal.com\/wp-content\/uploads\/2025\/11\/WhatsApp-Image-2025-11-12-at-4.29.38-PM-113x75.jpeg 113w, https:\/\/estantesmaurogal.com\/wp-content\/uploads\/2025\/11\/WhatsApp-Image-2025-11-12-at-4.29.38-PM-480x320.jpeg 480w, https:\/\/estantesmaurogal.com\/wp-content\/uploads\/2025\/11\/WhatsApp-Image-2025-11-12-at-4.29.38-PM-800x533.jpeg 800w, https:\/\/estantesmaurogal.com\/wp-content\/uploads\/2025\/11\/WhatsApp-Image-2025-11-12-at-4.29.38-PM.jpeg 1600w\" sizes=\"(max-width:767px) 480px, (max-width:1200px) 100vw, 1200px\" \/>\t\t\t\t\t\t\t\t\t\t\t\t\t\t\t<\/div>\n\t\t\t\t<\/div>\n\t\t\t\t\t<\/div>\n\t\t<\/div>\n\t\t\t\t<div class=\"elementor-column elementor-col-50 elementor-inner-column elementor-element elementor-element-06ae2b9\" data-id=\"06ae2b9\" data-element_type=\"column\" data-settings=\"{&quot;background_background&quot;:&quot;classic&quot;}\">\n\t\t\t<div class=\"elementor-widget-wrap elementor-element-populated\">\n\t\t\t\t\t\t<div class=\"elementor-element elementor-element-9baed55 elementor-widget elementor-widget-text-editor\" data-id=\"9baed55\" data-element_type=\"widget\" data-widget_type=\"text-editor.default\">\n\t\t\t\t<div class=\"elementor-widget-container\">\n\t\t\t\t\t\t\t\t\t<h4 data-start=\"197\" data-end=\"252\">\ud83d\udd29 Servicio de Doblado de L\u00e1mina Met\u00e1lica<\/h4>\t\t\t\t\t\t\t\t<\/div>\n\t\t\t\t<\/div>\n\t\t\t\t<div class=\"elementor-element elementor-element-c0ff48b elementor-widget elementor-widget-text-editor\" data-id=\"c0ff48b\" data-element_type=\"widget\" data-widget_type=\"text-editor.default\">\n\t\t\t\t<div class=\"elementor-widget-container\">\n\t\t\t\t\t\t\t\t\t<p data-start=\"164\" data-end=\"380\">Ofrecemos un servicio profesional de <strong data-start=\"201\" data-end=\"222\">doblado de l\u00e1mina<\/strong> con precisi\u00f3n y calidad garantizada. Contamos con maquinaria especializada y personal capacitado para realizar pliegues exactos seg\u00fan tus especificaciones.<\/p><p data-start=\"382\" data-end=\"631\">Trabajamos diferentes tipos y calibres de metal, asegurando resultados uniformes y listos para ensamblar o instalar. Nuestro servicio es ideal para proyectos de <strong data-start=\"543\" data-end=\"628\">estructuras met\u00e1licas, ductos, cubiertas, mobiliario industrial y piezas a medida<\/strong>.<\/p><p data-start=\"633\" data-end=\"670\">\u00a0<\/p>\t\t\t\t\t\t\t\t<\/div>\n\t\t\t\t<\/div>\n\t\t\t\t\t<\/div>\n\t\t<\/div>\n\t\t\t\t\t<\/div>\n\t\t<\/section>\n\t\t\t\t\t<\/div>\n\t\t<\/div>\n\t\t\t\t\t<\/div>\n\t\t<\/section>\n\t\t\t\t<section class=\"elementor-section elementor-top-section elementor-element elementor-element-19e681c0 elementor-section-stretched elementor-section-boxed elementor-section-height-default elementor-section-height-default\" data-id=\"19e681c0\" data-element_type=\"section\" data-settings=\"{&quot;stretch_section&quot;:&quot;section-stretched&quot;,&quot;background_background&quot;:&quot;classic&quot;}\">\n\t\t\t\t\t\t<div class=\"elementor-container elementor-column-gap-wider\">\n\t\t\t\t\t<div class=\"elementor-column elementor-col-100 elementor-top-column elementor-element elementor-element-4cd33cec\" data-id=\"4cd33cec\" data-element_type=\"column\">\n\t\t\t<div class=\"elementor-widget-wrap elementor-element-populated\">\n\t\t\t\t\t\t<section class=\"elementor-section elementor-inner-section elementor-element elementor-element-a4234d8 elementor-section-boxed elementor-section-height-default elementor-section-height-default\" data-id=\"a4234d8\" data-element_type=\"section\">\n\t\t\t\t\t\t<div class=\"elementor-container elementor-column-gap-default\">\n\t\t\t\t\t<div class=\"elementor-column elementor-col-100 elementor-inner-column elementor-element elementor-element-a91ba57\" data-id=\"a91ba57\" data-element_type=\"column\">\n\t\t\t<div class=\"elementor-widget-wrap elementor-element-populated\">\n\t\t\t\t\t\t<div class=\"elementor-element elementor-element-c274d7d elementor-widget elementor-widget-text-editor\" data-id=\"c274d7d\" data-element_type=\"widget\" data-widget_type=\"text-editor.default\">\n\t\t\t\t<div class=\"elementor-widget-container\">\n\t\t\t\t\t\t\t\t\t<h2><span style=\"color: #ffffff;\">COMUNICATE CON NOSOTROS<\/span><\/h2>\t\t\t\t\t\t\t\t<\/div>\n\t\t\t\t<\/div>\n\t\t\t\t<div class=\"elementor-element elementor-element-34eb0bdb elementor-widget elementor-widget-spacer\" data-id=\"34eb0bdb\" data-element_type=\"widget\" data-widget_type=\"spacer.default\">\n\t\t\t\t<div class=\"elementor-widget-container\">\n\t\t\t\t\t\t\t<div class=\"elementor-spacer\">\n\t\t\t<div class=\"elementor-spacer-inner\"><\/div>\n\t\t<\/div>\n\t\t\t\t\t\t<\/div>\n\t\t\t\t<\/div>\n\t\t\t\t<div class=\"elementor-element elementor-element-3a7ae7ef elementor-mobile-align-justify elementor-widget elementor-widget-button\" data-id=\"3a7ae7ef\" data-element_type=\"widget\" data-widget_type=\"button.default\">\n\t\t\t\t<div class=\"elementor-widget-container\">\n\t\t\t\t\t\t\t\t\t<div class=\"elementor-button-wrapper\">\n\t\t\t\t\t<a class=\"elementor-button elementor-button-link elementor-size-sm\" href=\"https:\/\/estantesmaurogal.com\/how-we-work\/\">\n\t\t\t\t\t\t<span class=\"elementor-button-content-wrapper\">\n\t\t\t\t\t\t<span class=\"elementor-button-icon\">\n\t\t\t\t<i aria-hidden=\"true\" class=\"fas fa-angle-right\"><\/i>\t\t\t<\/span>\n\t\t\t\t\t\t\t\t\t<span class=\"elementor-button-text\">ESCRIBENOS<\/span>\n\t\t\t\t\t<\/span>\n\t\t\t\t\t<\/a>\n\t\t\t\t<\/div>\n\t\t\t\t\t\t\t\t<\/div>\n\t\t\t\t<\/div>\n\t\t\t\t\t<\/div>\n\t\t<\/div>\n\t\t\t\t\t<\/div>\n\t\t<\/section>\n\t\t\t\t\t<\/div>\n\t\t<\/div>\n\t\t\t\t\t<\/div>\n\t\t<\/section>\n\t\t\t\t<\/div>\n\t\t","protected":false},"excerpt":{"rendered":"<p>Servicio de dobladora \ud83d\udd29 Servicio de Doblado de L\u00e1mina Met\u00e1lica Ofrecemos un servicio profesional de doblado de l\u00e1mina con precisi\u00f3n y calidad garantizada. Contamos con maquinaria<span class=\"excerpt-hellip\"> [\u2026]<\/span><\/p>\n","protected":false},"author":1,"featured_media":0,"parent":0,"menu_order":0,"comment_status":"closed","ping_status":"closed","template":"","meta":{"_joinchat":[],"footnotes":""},"class_list":["post-204","page","type-page","status-publish","hentry"],"yoast_head":"<!-- This site is optimized with the Yoast SEO plugin v26.5 - https:\/\/yoast.com\/wordpress\/plugins\/seo\/ -->\n<title>Servicio de Doblado de Metal | Precisi\u00f3n y Acabados Profesionales<\/title>\n<meta name=\"description\" content=\"Servicio de doblado de metal con precisi\u00f3n y acabados profesionales de alta calidad para proyectos a nivel nacional.\" \/>\n<meta name=\"robots\" content=\"index, follow, max-snippet:-1, max-image-preview:large, max-video-preview:-1\" \/>\n<link rel=\"canonical\" href=\"https:\/\/estantesmaurogal.com\/?page_id=204\" \/>\n<meta property=\"og:locale\" content=\"es_ES\" \/>\n<meta property=\"og:type\" content=\"article\" \/>\n<meta property=\"og:title\" content=\"Servicio de Doblado de Metal | Precisi\u00f3n y Acabados Profesionales\" \/>\n<meta property=\"og:description\" content=\"Servicio de doblado de metal con precisi\u00f3n y acabados profesionales de alta calidad para proyectos a nivel nacional.\" \/>\n<meta property=\"og:url\" content=\"https:\/\/estantesmaurogal.com\/?page_id=204\" \/>\n<meta property=\"og:site_name\" content=\"Estantes Maurogal\" \/>\n<meta property=\"article:modified_time\" content=\"2025-12-04T19:55:28+00:00\" \/>\n<meta property=\"og:image\" content=\"https:\/\/estantesmaurogal.com\/wp-content\/uploads\/2025\/11\/WhatsApp-Image-2025-11-12-at-4.29.38-PM-1200x800.jpeg\" \/>\n<meta name=\"twitter:card\" content=\"summary_large_image\" \/>\n<meta name=\"twitter:label1\" content=\"Tiempo de lectura\" \/>\n\t<meta name=\"twitter:data1\" content=\"1 minuto\" \/>\n<script type=\"application\/ld+json\" class=\"yoast-schema-graph\">{\"@context\":\"https:\/\/schema.org\",\"@graph\":[{\"@type\":\"WebPage\",\"@id\":\"https:\/\/estantesmaurogal.com\/?page_id=204\",\"url\":\"https:\/\/estantesmaurogal.com\/?page_id=204\",\"name\":\"Servicio de Doblado de Metal | Precisi\u00f3n y Acabados Profesionales\",\"isPartOf\":{\"@id\":\"https:\/\/estantesmaurogal.com\/#website\"},\"primaryImageOfPage\":{\"@id\":\"https:\/\/estantesmaurogal.com\/?page_id=204#primaryimage\"},\"image\":{\"@id\":\"https:\/\/estantesmaurogal.com\/?page_id=204#primaryimage\"},\"thumbnailUrl\":\"https:\/\/estantesmaurogal.com\/wp-content\/uploads\/2025\/11\/WhatsApp-Image-2025-11-12-at-4.29.38-PM-1200x800.jpeg\",\"datePublished\":\"2025-11-12T21:54:36+00:00\",\"dateModified\":\"2025-12-04T19:55:28+00:00\",\"description\":\"Servicio de doblado de metal con precisi\u00f3n y acabados profesionales de alta calidad para proyectos a nivel nacional.\",\"breadcrumb\":{\"@id\":\"https:\/\/estantesmaurogal.com\/?page_id=204#breadcrumb\"},\"inLanguage\":\"es\",\"potentialAction\":[{\"@type\":\"ReadAction\",\"target\":[\"https:\/\/estantesmaurogal.com\/?page_id=204\"]}]},{\"@type\":\"ImageObject\",\"inLanguage\":\"es\",\"@id\":\"https:\/\/estantesmaurogal.com\/?page_id=204#primaryimage\",\"url\":\"https:\/\/estantesmaurogal.com\/wp-content\/uploads\/2025\/11\/WhatsApp-Image-2025-11-12-at-4.29.38-PM.jpeg\",\"contentUrl\":\"https:\/\/estantesmaurogal.com\/wp-content\/uploads\/2025\/11\/WhatsApp-Image-2025-11-12-at-4.29.38-PM.jpeg\",\"width\":1600,\"height\":1066},{\"@type\":\"BreadcrumbList\",\"@id\":\"https:\/\/estantesmaurogal.com\/?page_id=204#breadcrumb\",\"itemListElement\":[{\"@type\":\"ListItem\",\"position\":1,\"name\":\"Portada\",\"item\":\"https:\/\/estantesmaurogal.com\/\"},{\"@type\":\"ListItem\",\"position\":2,\"name\":\"Servicio de dobladora\"}]},{\"@type\":\"WebSite\",\"@id\":\"https:\/\/estantesmaurogal.com\/#website\",\"url\":\"https:\/\/estantesmaurogal.com\/\",\"name\":\"Estantes Maurogal\",\"description\":\"Dise\u00f1o y fabricaci\u00f3n de estanter\u00edas y estructuras met\u00e1licas\",\"publisher\":{\"@id\":\"https:\/\/estantesmaurogal.com\/#organization\"},\"potentialAction\":[{\"@type\":\"SearchAction\",\"target\":{\"@type\":\"EntryPoint\",\"urlTemplate\":\"https:\/\/estantesmaurogal.com\/?s={search_term_string}\"},\"query-input\":{\"@type\":\"PropertyValueSpecification\",\"valueRequired\":true,\"valueName\":\"search_term_string\"}}],\"inLanguage\":\"es\"},{\"@type\":\"Organization\",\"@id\":\"https:\/\/estantesmaurogal.com\/#organization\",\"name\":\"Estantes Maurogal\",\"url\":\"https:\/\/estantesmaurogal.com\/\",\"logo\":{\"@type\":\"ImageObject\",\"inLanguage\":\"es\",\"@id\":\"https:\/\/estantesmaurogal.com\/#\/schema\/logo\/image\/\",\"url\":\"https:\/\/estantesmaurogal.com\/wp-content\/uploads\/2025\/11\/logo-mau.png\",\"contentUrl\":\"https:\/\/estantesmaurogal.com\/wp-content\/uploads\/2025\/11\/logo-mau.png\",\"width\":621,\"height\":205,\"caption\":\"Estantes Maurogal\"},\"image\":{\"@id\":\"https:\/\/estantesmaurogal.com\/#\/schema\/logo\/image\/\"}}]}<\/script>\n<!-- \/ Yoast SEO plugin. -->","yoast_head_json":{"title":"Servicio de Doblado de Metal | Precisi\u00f3n y Acabados Profesionales","description":"Servicio de doblado de metal con precisi\u00f3n y acabados profesionales de alta calidad para proyectos a nivel nacional.","robots":{"index":"index","follow":"follow","max-snippet":"max-snippet:-1","max-image-preview":"max-image-preview:large","max-video-preview":"max-video-preview:-1"},"canonical":"https:\/\/estantesmaurogal.com\/?page_id=204","og_locale":"es_ES","og_type":"article","og_title":"Servicio de Doblado de Metal | Precisi\u00f3n y Acabados Profesionales","og_description":"Servicio de doblado de metal con precisi\u00f3n y acabados profesionales de alta calidad para proyectos a nivel nacional.","og_url":"https:\/\/estantesmaurogal.com\/?page_id=204","og_site_name":"Estantes Maurogal","article_modified_time":"2025-12-04T19:55:28+00:00","og_image":[{"url":"https:\/\/estantesmaurogal.com\/wp-content\/uploads\/2025\/11\/WhatsApp-Image-2025-11-12-at-4.29.38-PM-1200x800.jpeg","type":"","width":"","height":""}],"twitter_card":"summary_large_image","twitter_misc":{"Tiempo de lectura":"1 minuto"},"schema":{"@context":"https:\/\/schema.org","@graph":[{"@type":"WebPage","@id":"https:\/\/estantesmaurogal.com\/?page_id=204","url":"https:\/\/estantesmaurogal.com\/?page_id=204","name":"Servicio de Doblado de Metal | Precisi\u00f3n y Acabados Profesionales","isPartOf":{"@id":"https:\/\/estantesmaurogal.com\/#website"},"primaryImageOfPage":{"@id":"https:\/\/estantesmaurogal.com\/?page_id=204#primaryimage"},"image":{"@id":"https:\/\/estantesmaurogal.com\/?page_id=204#primaryimage"},"thumbnailUrl":"https:\/\/estantesmaurogal.com\/wp-content\/uploads\/2025\/11\/WhatsApp-Image-2025-11-12-at-4.29.38-PM-1200x800.jpeg","datePublished":"2025-11-12T21:54:36+00:00","dateModified":"2025-12-04T19:55:28+00:00","description":"Servicio de doblado de metal con precisi\u00f3n y acabados profesionales de alta calidad para proyectos a nivel nacional.","breadcrumb":{"@id":"https:\/\/estantesmaurogal.com\/?page_id=204#breadcrumb"},"inLanguage":"es","potentialAction":[{"@type":"ReadAction","target":["https:\/\/estantesmaurogal.com\/?page_id=204"]}]},{"@type":"ImageObject","inLanguage":"es","@id":"https:\/\/estantesmaurogal.com\/?page_id=204#primaryimage","url":"https:\/\/estantesmaurogal.com\/wp-content\/uploads\/2025\/11\/WhatsApp-Image-2025-11-12-at-4.29.38-PM.jpeg","contentUrl":"https:\/\/estantesmaurogal.com\/wp-content\/uploads\/2025\/11\/WhatsApp-Image-2025-11-12-at-4.29.38-PM.jpeg","width":1600,"height":1066},{"@type":"BreadcrumbList","@id":"https:\/\/estantesmaurogal.com\/?page_id=204#breadcrumb","itemListElement":[{"@type":"ListItem","position":1,"name":"Portada","item":"https:\/\/estantesmaurogal.com\/"},{"@type":"ListItem","position":2,"name":"Servicio de dobladora"}]},{"@type":"WebSite","@id":"https:\/\/estantesmaurogal.com\/#website","url":"https:\/\/estantesmaurogal.com\/","name":"Estantes Maurogal","description":"Dise\u00f1o y fabricaci\u00f3n de estanter\u00edas y estructuras met\u00e1licas","publisher":{"@id":"https:\/\/estantesmaurogal.com\/#organization"},"potentialAction":[{"@type":"SearchAction","target":{"@type":"EntryPoint","urlTemplate":"https:\/\/estantesmaurogal.com\/?s={search_term_string}"},"query-input":{"@type":"PropertyValueSpecification","valueRequired":true,"valueName":"search_term_string"}}],"inLanguage":"es"},{"@type":"Organization","@id":"https:\/\/estantesmaurogal.com\/#organization","name":"Estantes Maurogal","url":"https:\/\/estantesmaurogal.com\/","logo":{"@type":"ImageObject","inLanguage":"es","@id":"https:\/\/estantesmaurogal.com\/#\/schema\/logo\/image\/","url":"https:\/\/estantesmaurogal.com\/wp-content\/uploads\/2025\/11\/logo-mau.png","contentUrl":"https:\/\/estantesmaurogal.com\/wp-content\/uploads\/2025\/11\/logo-mau.png","width":621,"height":205,"caption":"Estantes Maurogal"},"image":{"@id":"https:\/\/estantesmaurogal.com\/#\/schema\/logo\/image\/"}}]}},"jetpack_sharing_enabled":true,"_links":{"self":[{"href":"https:\/\/estantesmaurogal.com\/index.php?rest_route=\/wp\/v2\/pages\/204","targetHints":{"allow":["GET"]}}],"collection":[{"href":"https:\/\/estantesmaurogal.com\/index.php?rest_route=\/wp\/v2\/pages"}],"about":[{"href":"https:\/\/estantesmaurogal.com\/index.php?rest_route=\/wp\/v2\/types\/page"}],"author":[{"embeddable":true,"href":"https:\/\/estantesmaurogal.com\/index.php?rest_route=\/wp\/v2\/users\/1"}],"replies":[{"embeddable":true,"href":"https:\/\/estantesmaurogal.com\/index.php?rest_route=%2Fwp%2Fv2%2Fcomments&post=204"}],"version-history":[{"count":13,"href":"https:\/\/estantesmaurogal.com\/index.php?rest_route=\/wp\/v2\/pages\/204\/revisions"}],"predecessor-version":[{"id":374,"href":"https:\/\/estantesmaurogal.com\/index.php?rest_route=\/wp\/v2\/pages\/204\/revisions\/374"}],"wp:attachment":[{"href":"https:\/\/estantesmaurogal.com\/index.php?rest_route=%2Fwp%2Fv2%2Fmedia&parent=204"}],"curies":[{"name":"wp","href":"https:\/\/api.w.org\/{rel}","templated":true}]}}