{"id":18,"date":"2019-06-25T09:05:06","date_gmt":"2019-06-25T09:05:06","guid":{"rendered":"https:\/\/themes.muffingroup.com\/be\/factory2\/?page_id=18"},"modified":"2025-12-04T19:48:37","modified_gmt":"2025-12-04T19:48:37","slug":"contactanos","status":"publish","type":"page","link":"https:\/\/estantesmaurogal.com\/?page_id=18","title":{"rendered":"Cont\u00e1ctanos"},"content":{"rendered":"\t\t<div data-elementor-type=\"wp-page\" data-elementor-id=\"18\" class=\"elementor elementor-18\" data-elementor-post-type=\"page\">\n\t\t\t\t\t\t<section class=\"elementor-section elementor-top-section elementor-element elementor-element-3a6d794 elementor-section-stretched elementor-section-boxed elementor-section-height-default elementor-section-height-default\" data-id=\"3a6d794\" data-element_type=\"section\" data-settings=\"{&quot;stretch_section&quot;:&quot;section-stretched&quot;,&quot;background_background&quot;:&quot;classic&quot;}\">\n\t\t\t\t\t\t<div class=\"elementor-container elementor-column-gap-wider\">\n\t\t\t\t\t<div class=\"elementor-column elementor-col-100 elementor-top-column elementor-element elementor-element-022336b\" data-id=\"022336b\" data-element_type=\"column\">\n\t\t\t<div class=\"elementor-widget-wrap elementor-element-populated\">\n\t\t\t\t\t\t<section class=\"elementor-section elementor-inner-section elementor-element elementor-element-50e846d elementor-section-content-middle elementor-section-boxed elementor-section-height-default elementor-section-height-default\" data-id=\"50e846d\" data-element_type=\"section\">\n\t\t\t\t\t\t<div class=\"elementor-container elementor-column-gap-wider\">\n\t\t\t\t\t<div class=\"elementor-column elementor-col-50 elementor-inner-column elementor-element elementor-element-6b38fa7\" data-id=\"6b38fa7\" data-element_type=\"column\">\n\t\t\t<div class=\"elementor-widget-wrap elementor-element-populated\">\n\t\t\t\t\t\t<div class=\"elementor-element elementor-element-01a89c7 elementor-widget elementor-widget-image\" data-id=\"01a89c7\" data-element_type=\"widget\" data-widget_type=\"image.default\">\n\t\t\t\t<div class=\"elementor-widget-container\">\n\t\t\t\t\t\t\t\t\t\t\t\t\t\t\t<img decoding=\"async\" src=\"https:\/\/estantesmaurogal.com\/wp-content\/uploads\/2019\/06\/factory2-contact-pic1.png\" title=\"\" alt=\"\" loading=\"lazy\" \/>\t\t\t\t\t\t\t\t\t\t\t\t\t\t\t<\/div>\n\t\t\t\t<\/div>\n\t\t\t\t\t<\/div>\n\t\t<\/div>\n\t\t\t\t<div class=\"elementor-column elementor-col-50 elementor-inner-column elementor-element elementor-element-c0b74d5\" data-id=\"c0b74d5\" data-element_type=\"column\">\n\t\t\t<div class=\"elementor-widget-wrap elementor-element-populated\">\n\t\t\t\t\t\t<div class=\"elementor-element elementor-element-ad7a1cd elementor-widget elementor-widget-text-editor\" data-id=\"ad7a1cd\" data-element_type=\"widget\" data-widget_type=\"text-editor.default\">\n\t\t\t\t<div class=\"elementor-widget-container\">\n\t\t\t\t\t\t\t\t\t<h2>Comunicate con nosotros<\/h2>\t\t\t\t\t\t\t\t<\/div>\n\t\t\t\t<\/div>\n\t\t\t\t<div class=\"elementor-element elementor-element-e72a4c8 elementor-icon-list--layout-traditional elementor-list-item-link-full_width elementor-widget elementor-widget-icon-list\" data-id=\"e72a4c8\" data-element_type=\"widget\" data-widget_type=\"icon-list.default\">\n\t\t\t\t<div class=\"elementor-widget-container\">\n\t\t\t\t\t\t\t<ul class=\"elementor-icon-list-items\">\n\t\t\t\t\t\t\t<li class=\"elementor-icon-list-item\">\n\t\t\t\t\t\t\t\t\t\t\t<span class=\"elementor-icon-list-icon\">\n\t\t\t\t\t\t\t<i aria-hidden=\"true\" class=\"far fa-lightbulb\"><\/i>\t\t\t\t\t\t<\/span>\n\t\t\t\t\t\t\t\t\t\t<span class=\"elementor-icon-list-text\">+57 3138591700<\/span>\n\t\t\t\t\t\t\t\t\t<\/li>\n\t\t\t\t\t\t\t\t<li class=\"elementor-icon-list-item\">\n\t\t\t\t\t\t\t\t\t\t\t<a href=\"http:\/\/contacto@estantesmaurogal.com\">\n\n\t\t\t\t\t\t\t\t\t\t\t\t<span class=\"elementor-icon-list-icon\">\n\t\t\t\t\t\t\t<i aria-hidden=\"true\" class=\"fas fa-envelope\"><\/i>\t\t\t\t\t\t<\/span>\n\t\t\t\t\t\t\t\t\t\t<span class=\"elementor-icon-list-text\">contacto@estantesmaurogal.com<\/span>\n\t\t\t\t\t\t\t\t\t\t\t<\/a>\n\t\t\t\t\t\t\t\t\t<\/li>\n\t\t\t\t\t\t<\/ul>\n\t\t\t\t\t\t<\/div>\n\t\t\t\t<\/div>\n\t\t\t\t<div class=\"elementor-element elementor-element-3233e7f elementor-widget elementor-widget-shortcode\" data-id=\"3233e7f\" data-element_type=\"widget\" data-widget_type=\"shortcode.default\">\n\t\t\t\t<div class=\"elementor-widget-container\">\n\t\t\t\t\t\t\t<div class=\"elementor-shortcode\">\n<div class=\"wpcf7 no-js\" id=\"wpcf7-f82-o1\" lang=\"en-US\" dir=\"ltr\" data-wpcf7-id=\"82\">\n<div class=\"screen-reader-response\"><p role=\"status\" aria-live=\"polite\" aria-atomic=\"true\"><\/p> <ul><\/ul><\/div>\n<form action=\"\/index.php?rest_route=%2Fwp%2Fv2%2Fpages%2F18#wpcf7-f82-o1\" method=\"post\" class=\"wpcf7-form init\" aria-label=\"Contact form\" novalidate=\"novalidate\" data-status=\"init\">\n<fieldset class=\"hidden-fields-container\"><input type=\"hidden\" name=\"_wpcf7\" value=\"82\" \/><input type=\"hidden\" name=\"_wpcf7_version\" value=\"6.1.3\" \/><input type=\"hidden\" name=\"_wpcf7_locale\" value=\"en_US\" \/><input type=\"hidden\" name=\"_wpcf7_unit_tag\" value=\"wpcf7-f82-o1\" \/><input type=\"hidden\" name=\"_wpcf7_container_post\" value=\"0\" \/><input type=\"hidden\" name=\"_wpcf7_posted_data_hash\" value=\"\" \/>\n<\/fieldset>\n<div class=\"column one-second\">\n\t<p><span class=\"wpcf7-form-control-wrap\" data-name=\"your-name\"><input size=\"40\" maxlength=\"400\" class=\"wpcf7-form-control wpcf7-text wpcf7-validates-as-required\" aria-required=\"true\" aria-invalid=\"false\" placeholder=\"Your name\" value=\"\" type=\"text\" name=\"your-name\" \/><\/span>\n\t<\/p>\n<\/div>\n<div class=\"column one-second\">\n\t<p><span class=\"wpcf7-form-control-wrap\" data-name=\"your-email\"><input size=\"40\" maxlength=\"400\" class=\"wpcf7-form-control wpcf7-email wpcf7-validates-as-required wpcf7-text wpcf7-validates-as-email\" aria-required=\"true\" aria-invalid=\"false\" placeholder=\"Your e-mail\" value=\"\" type=\"email\" name=\"your-email\" \/><\/span>\n\t<\/p>\n<\/div>\n<div class=\"column one\">\n\t<p><span class=\"wpcf7-form-control-wrap\" data-name=\"your-subject\"><input size=\"40\" maxlength=\"400\" class=\"wpcf7-form-control wpcf7-text\" aria-invalid=\"false\" placeholder=\"Subject\" value=\"\" type=\"text\" name=\"your-subject\" \/><\/span>\n\t<\/p>\n<\/div>\n<div class=\"column one\">\n\t<p><span class=\"wpcf7-form-control-wrap\" data-name=\"your-message\"><textarea cols=\"40\" rows=\"7\" maxlength=\"2000\" class=\"wpcf7-form-control wpcf7-textarea\" aria-invalid=\"false\" placeholder=\"Message\" name=\"your-message\"><\/textarea><\/span>\n\t<\/p>\n<\/div>\n<div class=\"column one\">\n\t<p><input class=\"wpcf7-form-control wpcf7-submit has-spinner\" type=\"submit\" value=\"Send a message\" \/>\n\t<\/p>\n<\/div><div class=\"wpcf7-response-output\" aria-hidden=\"true\"><\/div>\n<\/form>\n<\/div>\n<\/div>\n\t\t\t\t\t\t<\/div>\n\t\t\t\t<\/div>\n\t\t\t\t\t<\/div>\n\t\t<\/div>\n\t\t\t\t\t<\/div>\n\t\t<\/section>\n\t\t\t\t\t<\/div>\n\t\t<\/div>\n\t\t\t\t\t<\/div>\n\t\t<\/section>\n\t\t\t\t<\/div>\n\t\t","protected":false},"excerpt":{"rendered":"<p>Comunicate con nosotros +57 3138591700 contacto@estantesmaurogal.com<\/p>\n","protected":false},"author":1,"featured_media":69,"parent":0,"menu_order":0,"comment_status":"open","ping_status":"closed","template":"","meta":{"_joinchat":[],"footnotes":""},"class_list":["post-18","page","type-page","status-publish","has-post-thumbnail","hentry"],"yoast_head":"<!-- This site is optimized with the Yoast SEO plugin v26.5 - https:\/\/yoast.com\/wordpress\/plugins\/seo\/ -->\n<title>Cont\u00e1ctenos | Asesor\u00eda en Fabricaci\u00f3n de Estanter\u00edas Met\u00e1licas<\/title>\n<meta name=\"description\" content=\"Cont\u00e1ctenos en estanter\u00edas met\u00e1licas y estructuras a medida. Atendemos proyectos industriales, comerciales y residenciales a nivel nacional\" \/>\n<meta name=\"robots\" content=\"index, follow, max-snippet:-1, max-image-preview:large, max-video-preview:-1\" \/>\n<link rel=\"canonical\" href=\"https:\/\/estantesmaurogal.com\/?page_id=18\" \/>\n<meta property=\"og:locale\" content=\"es_ES\" \/>\n<meta property=\"og:type\" content=\"article\" \/>\n<meta property=\"og:title\" content=\"Cont\u00e1ctenos | Asesor\u00eda en Fabricaci\u00f3n de Estanter\u00edas Met\u00e1licas\" \/>\n<meta property=\"og:description\" content=\"Cont\u00e1ctenos en estanter\u00edas met\u00e1licas y estructuras a medida. Atendemos proyectos industriales, comerciales y residenciales a nivel nacional\" \/>\n<meta property=\"og:url\" content=\"https:\/\/estantesmaurogal.com\/?page_id=18\" \/>\n<meta property=\"og:site_name\" content=\"Estantes Maurogal\" \/>\n<meta property=\"article:modified_time\" content=\"2025-12-04T19:48:37+00:00\" \/>\n<meta name=\"twitter:card\" content=\"summary_large_image\" \/>\n<meta name=\"twitter:image\" content=\"https:\/\/estantesmaurogal.com\/wp-content\/uploads\/2019\/06\/factory2-contact-subheaderbg.jpg\" \/>\n<meta name=\"twitter:label1\" content=\"Tiempo de lectura\" \/>\n\t<meta name=\"twitter:data1\" content=\"1 minuto\" \/>\n<script type=\"application\/ld+json\" class=\"yoast-schema-graph\">{\"@context\":\"https:\/\/schema.org\",\"@graph\":[{\"@type\":\"WebPage\",\"@id\":\"https:\/\/estantesmaurogal.com\/?page_id=18\",\"url\":\"https:\/\/estantesmaurogal.com\/?page_id=18\",\"name\":\"Cont\u00e1ctenos | Asesor\u00eda en Fabricaci\u00f3n de Estanter\u00edas Met\u00e1licas\",\"isPartOf\":{\"@id\":\"https:\/\/estantesmaurogal.com\/#website\"},\"primaryImageOfPage\":{\"@id\":\"https:\/\/estantesmaurogal.com\/?page_id=18#primaryimage\"},\"image\":{\"@id\":\"https:\/\/estantesmaurogal.com\/?page_id=18#primaryimage\"},\"thumbnailUrl\":\"https:\/\/estantesmaurogal.com\/wp-content\/uploads\/2019\/06\/factory2-contact-subheaderbg.jpg\",\"datePublished\":\"2019-06-25T09:05:06+00:00\",\"dateModified\":\"2025-12-04T19:48:37+00:00\",\"description\":\"Cont\u00e1ctenos en estanter\u00edas met\u00e1licas y estructuras a medida. Atendemos proyectos industriales, comerciales y residenciales a nivel nacional\",\"breadcrumb\":{\"@id\":\"https:\/\/estantesmaurogal.com\/?page_id=18#breadcrumb\"},\"inLanguage\":\"es\",\"potentialAction\":[{\"@type\":\"ReadAction\",\"target\":[\"https:\/\/estantesmaurogal.com\/?page_id=18\"]}]},{\"@type\":\"ImageObject\",\"inLanguage\":\"es\",\"@id\":\"https:\/\/estantesmaurogal.com\/?page_id=18#primaryimage\",\"url\":\"https:\/\/estantesmaurogal.com\/wp-content\/uploads\/2019\/06\/factory2-contact-subheaderbg.jpg\",\"contentUrl\":\"https:\/\/estantesmaurogal.com\/wp-content\/uploads\/2019\/06\/factory2-contact-subheaderbg.jpg\"},{\"@type\":\"BreadcrumbList\",\"@id\":\"https:\/\/estantesmaurogal.com\/?page_id=18#breadcrumb\",\"itemListElement\":[{\"@type\":\"ListItem\",\"position\":1,\"name\":\"Portada\",\"item\":\"https:\/\/estantesmaurogal.com\/\"},{\"@type\":\"ListItem\",\"position\":2,\"name\":\"Cont\u00e1ctanos\"}]},{\"@type\":\"WebSite\",\"@id\":\"https:\/\/estantesmaurogal.com\/#website\",\"url\":\"https:\/\/estantesmaurogal.com\/\",\"name\":\"Estantes Maurogal\",\"description\":\"Dise\u00f1o y fabricaci\u00f3n de estanter\u00edas y estructuras met\u00e1licas\",\"publisher\":{\"@id\":\"https:\/\/estantesmaurogal.com\/#organization\"},\"potentialAction\":[{\"@type\":\"SearchAction\",\"target\":{\"@type\":\"EntryPoint\",\"urlTemplate\":\"https:\/\/estantesmaurogal.com\/?s={search_term_string}\"},\"query-input\":{\"@type\":\"PropertyValueSpecification\",\"valueRequired\":true,\"valueName\":\"search_term_string\"}}],\"inLanguage\":\"es\"},{\"@type\":\"Organization\",\"@id\":\"https:\/\/estantesmaurogal.com\/#organization\",\"name\":\"Estantes Maurogal\",\"url\":\"https:\/\/estantesmaurogal.com\/\",\"logo\":{\"@type\":\"ImageObject\",\"inLanguage\":\"es\",\"@id\":\"https:\/\/estantesmaurogal.com\/#\/schema\/logo\/image\/\",\"url\":\"https:\/\/estantesmaurogal.com\/wp-content\/uploads\/2025\/11\/logo-mau.png\",\"contentUrl\":\"https:\/\/estantesmaurogal.com\/wp-content\/uploads\/2025\/11\/logo-mau.png\",\"width\":621,\"height\":205,\"caption\":\"Estantes Maurogal\"},\"image\":{\"@id\":\"https:\/\/estantesmaurogal.com\/#\/schema\/logo\/image\/\"}}]}<\/script>\n<!-- \/ Yoast SEO plugin. -->","yoast_head_json":{"title":"Cont\u00e1ctenos | Asesor\u00eda en Fabricaci\u00f3n de Estanter\u00edas Met\u00e1licas","description":"Cont\u00e1ctenos en estanter\u00edas met\u00e1licas y estructuras a medida. Atendemos proyectos industriales, comerciales y residenciales a nivel nacional","robots":{"index":"index","follow":"follow","max-snippet":"max-snippet:-1","max-image-preview":"max-image-preview:large","max-video-preview":"max-video-preview:-1"},"canonical":"https:\/\/estantesmaurogal.com\/?page_id=18","og_locale":"es_ES","og_type":"article","og_title":"Cont\u00e1ctenos | Asesor\u00eda en Fabricaci\u00f3n de Estanter\u00edas Met\u00e1licas","og_description":"Cont\u00e1ctenos en estanter\u00edas met\u00e1licas y estructuras a medida. Atendemos proyectos industriales, comerciales y residenciales a nivel nacional","og_url":"https:\/\/estantesmaurogal.com\/?page_id=18","og_site_name":"Estantes Maurogal","article_modified_time":"2025-12-04T19:48:37+00:00","twitter_card":"summary_large_image","twitter_image":"https:\/\/estantesmaurogal.com\/wp-content\/uploads\/2019\/06\/factory2-contact-subheaderbg.jpg","twitter_misc":{"Tiempo de lectura":"1 minuto"},"schema":{"@context":"https:\/\/schema.org","@graph":[{"@type":"WebPage","@id":"https:\/\/estantesmaurogal.com\/?page_id=18","url":"https:\/\/estantesmaurogal.com\/?page_id=18","name":"Cont\u00e1ctenos | Asesor\u00eda en Fabricaci\u00f3n de Estanter\u00edas Met\u00e1licas","isPartOf":{"@id":"https:\/\/estantesmaurogal.com\/#website"},"primaryImageOfPage":{"@id":"https:\/\/estantesmaurogal.com\/?page_id=18#primaryimage"},"image":{"@id":"https:\/\/estantesmaurogal.com\/?page_id=18#primaryimage"},"thumbnailUrl":"https:\/\/estantesmaurogal.com\/wp-content\/uploads\/2019\/06\/factory2-contact-subheaderbg.jpg","datePublished":"2019-06-25T09:05:06+00:00","dateModified":"2025-12-04T19:48:37+00:00","description":"Cont\u00e1ctenos en estanter\u00edas met\u00e1licas y estructuras a medida. Atendemos proyectos industriales, comerciales y residenciales a nivel nacional","breadcrumb":{"@id":"https:\/\/estantesmaurogal.com\/?page_id=18#breadcrumb"},"inLanguage":"es","potentialAction":[{"@type":"ReadAction","target":["https:\/\/estantesmaurogal.com\/?page_id=18"]}]},{"@type":"ImageObject","inLanguage":"es","@id":"https:\/\/estantesmaurogal.com\/?page_id=18#primaryimage","url":"https:\/\/estantesmaurogal.com\/wp-content\/uploads\/2019\/06\/factory2-contact-subheaderbg.jpg","contentUrl":"https:\/\/estantesmaurogal.com\/wp-content\/uploads\/2019\/06\/factory2-contact-subheaderbg.jpg"},{"@type":"BreadcrumbList","@id":"https:\/\/estantesmaurogal.com\/?page_id=18#breadcrumb","itemListElement":[{"@type":"ListItem","position":1,"name":"Portada","item":"https:\/\/estantesmaurogal.com\/"},{"@type":"ListItem","position":2,"name":"Cont\u00e1ctanos"}]},{"@type":"WebSite","@id":"https:\/\/estantesmaurogal.com\/#website","url":"https:\/\/estantesmaurogal.com\/","name":"Estantes Maurogal","description":"Dise\u00f1o y fabricaci\u00f3n de estanter\u00edas y estructuras met\u00e1licas","publisher":{"@id":"https:\/\/estantesmaurogal.com\/#organization"},"potentialAction":[{"@type":"SearchAction","target":{"@type":"EntryPoint","urlTemplate":"https:\/\/estantesmaurogal.com\/?s={search_term_string}"},"query-input":{"@type":"PropertyValueSpecification","valueRequired":true,"valueName":"search_term_string"}}],"inLanguage":"es"},{"@type":"Organization","@id":"https:\/\/estantesmaurogal.com\/#organization","name":"Estantes Maurogal","url":"https:\/\/estantesmaurogal.com\/","logo":{"@type":"ImageObject","inLanguage":"es","@id":"https:\/\/estantesmaurogal.com\/#\/schema\/logo\/image\/","url":"https:\/\/estantesmaurogal.com\/wp-content\/uploads\/2025\/11\/logo-mau.png","contentUrl":"https:\/\/estantesmaurogal.com\/wp-content\/uploads\/2025\/11\/logo-mau.png","width":621,"height":205,"caption":"Estantes Maurogal"},"image":{"@id":"https:\/\/estantesmaurogal.com\/#\/schema\/logo\/image\/"}}]}},"jetpack_sharing_enabled":true,"_links":{"self":[{"href":"https:\/\/estantesmaurogal.com\/index.php?rest_route=\/wp\/v2\/pages\/18","targetHints":{"allow":["GET"]}}],"collection":[{"href":"https:\/\/estantesmaurogal.com\/index.php?rest_route=\/wp\/v2\/pages"}],"about":[{"href":"https:\/\/estantesmaurogal.com\/index.php?rest_route=\/wp\/v2\/types\/page"}],"author":[{"embeddable":true,"href":"https:\/\/estantesmaurogal.com\/index.php?rest_route=\/wp\/v2\/users\/1"}],"replies":[{"embeddable":true,"href":"https:\/\/estantesmaurogal.com\/index.php?rest_route=%2Fwp%2Fv2%2Fcomments&post=18"}],"version-history":[{"count":7,"href":"https:\/\/estantesmaurogal.com\/index.php?rest_route=\/wp\/v2\/pages\/18\/revisions"}],"predecessor-version":[{"id":346,"href":"https:\/\/estantesmaurogal.com\/index.php?rest_route=\/wp\/v2\/pages\/18\/revisions\/346"}],"wp:featuredmedia":[{"embeddable":true,"href":"https:\/\/estantesmaurogal.com\/index.php?rest_route=\/wp\/v2\/media\/69"}],"wp:attachment":[{"href":"https:\/\/estantesmaurogal.com\/index.php?rest_route=%2Fwp%2Fv2%2Fmedia&parent=18"}],"curies":[{"name":"wp","href":"https:\/\/api.w.org\/{rel}","templated":true}]}}